{"id":53835,"date":"2024-02-27T11:33:05","date_gmt":"2024-02-27T10:33:05","guid":{"rendered":"https:\/\/beautyskin.com.pl\/scars-and-stretch-marks\/"},"modified":"2024-02-27T11:33:05","modified_gmt":"2024-02-27T10:33:05","slug":"scars-and-stretch-marks","status":"publish","type":"page","link":"https:\/\/beautyskin.znakomity.net\/en\/scars-and-stretch-marks\/","title":{"rendered":"Scars and stretch marks"},"content":{"rendered":"","protected":false},"excerpt":{"rendered":"","protected":false},"author":1,"featured_media":0,"parent":0,"menu_order":0,"comment_status":"closed","ping_status":"closed","template":"","meta":{"footnotes":""},"class_list":["post-53835","page","type-page","status-publish","hentry"],"yoast_head":"<!-- This site is optimized with the Yoast SEO Premium plugin v20.9 (Yoast SEO v27.3) - https:\/\/yoast.com\/product\/yoast-seo-premium-wordpress\/ -->\n<title>Effective removal of stretch marks and scars | Beauty Skin Warsaw, Radom<\/title>\n<meta name=\"description\" content=\"Tired of stretch marks? Choose an innovative laser for stretch marks! Usuwanie rozst\u0119p\u00f3w mo\u017ce by\u0107 szybkie i skuteczne dzi\u0119ki laserowi iPixel! Learn about stretch mark removal and sign up now for a laser stretch mark removal treatment at the Beauty Skin clinic in Warsaw or Radom! Enjoy the treatment!\" \/>\n<meta name=\"robots\" content=\"noindex, follow, max-snippet:-1, max-image-preview:large, max-video-preview:-1\" \/>\n<meta property=\"og:locale\" content=\"en_US\" \/>\n<meta property=\"og:type\" content=\"article\" \/>\n<meta property=\"og:title\" content=\"Scars and stretch marks\" \/>\n<meta property=\"og:description\" content=\"Tired of stretch marks? Choose an innovative laser for stretch marks! Usuwanie rozst\u0119p\u00f3w mo\u017ce by\u0107 szybkie i skuteczne dzi\u0119ki laserowi iPixel! Learn about stretch mark removal and sign up now for a laser stretch mark removal treatment at the Beauty Skin clinic in Warsaw or Radom! Enjoy the treatment!\" \/>\n<meta property=\"og:url\" content=\"https:\/\/beautyskin.znakomity.net\/en\/scars-and-stretch-marks\/\" \/>\n<meta property=\"og:site_name\" content=\"BeautySkin\" \/>\n<meta name=\"twitter:card\" content=\"summary_large_image\" \/>\n<script type=\"application\/ld+json\" class=\"yoast-schema-graph\">{\"@context\":\"https:\\\/\\\/schema.org\",\"@graph\":[{\"@type\":\"WebPage\",\"@id\":\"https:\\\/\\\/beautyskin.znakomity.net\\\/en\\\/scars-and-stretch-marks\\\/\",\"url\":\"https:\\\/\\\/beautyskin.znakomity.net\\\/en\\\/scars-and-stretch-marks\\\/\",\"name\":\"Effective removal of stretch marks and scars | Beauty Skin Warsaw, Radom\",\"isPartOf\":{\"@id\":\"https:\\\/\\\/beautyskin.znakomity.net\\\/en\\\/#website\"},\"datePublished\":\"2024-02-27T10:33:05+00:00\",\"description\":\"Tired of stretch marks? Choose an innovative laser for stretch marks! Usuwanie rozst\u0119p\u00f3w mo\u017ce by\u0107 szybkie i skuteczne dzi\u0119ki laserowi iPixel! Learn about stretch mark removal and sign up now for a laser stretch mark removal treatment at the Beauty Skin clinic in Warsaw or Radom! Enjoy the treatment!\",\"breadcrumb\":{\"@id\":\"https:\\\/\\\/beautyskin.znakomity.net\\\/en\\\/scars-and-stretch-marks\\\/#breadcrumb\"},\"inLanguage\":\"en-US\",\"potentialAction\":[{\"@type\":\"ReadAction\",\"target\":[\"https:\\\/\\\/beautyskin.znakomity.net\\\/en\\\/scars-and-stretch-marks\\\/\"]}]},{\"@type\":\"BreadcrumbList\",\"@id\":\"https:\\\/\\\/beautyskin.znakomity.net\\\/en\\\/scars-and-stretch-marks\\\/#breadcrumb\",\"itemListElement\":[{\"@type\":\"ListItem\",\"position\":1,\"name\":\"Strona g\u0142\u00f3wna\",\"item\":\"https:\\\/\\\/beautyskin.znakomity.net\\\/en\\\/\"},{\"@type\":\"ListItem\",\"position\":2,\"name\":\"Scars and stretch marks\"}]},{\"@type\":\"WebSite\",\"@id\":\"https:\\\/\\\/beautyskin.znakomity.net\\\/en\\\/#website\",\"url\":\"https:\\\/\\\/beautyskin.znakomity.net\\\/en\\\/\",\"name\":\"BeautySkin\",\"description\":\"Health and Beauty Clinic\",\"publisher\":{\"@id\":\"https:\\\/\\\/beautyskin.znakomity.net\\\/en\\\/#organization\"},\"potentialAction\":[{\"@type\":\"SearchAction\",\"target\":{\"@type\":\"EntryPoint\",\"urlTemplate\":\"https:\\\/\\\/beautyskin.znakomity.net\\\/en\\\/?s={search_term_string}\"},\"query-input\":{\"@type\":\"PropertyValueSpecification\",\"valueRequired\":true,\"valueName\":\"search_term_string\"}}],\"inLanguage\":\"en-US\"},{\"@type\":\"Organization\",\"@id\":\"https:\\\/\\\/beautyskin.znakomity.net\\\/en\\\/#organization\",\"name\":\"BeautySkin\",\"url\":\"https:\\\/\\\/beautyskin.znakomity.net\\\/en\\\/\",\"logo\":{\"@type\":\"ImageObject\",\"inLanguage\":\"en-US\",\"@id\":\"https:\\\/\\\/beautyskin.znakomity.net\\\/en\\\/#\\\/schema\\\/logo\\\/image\\\/\",\"url\":\"https:\\\/\\\/beautyskin.znakomity.net\\\/wp-content\\\/uploads\\\/2021\\\/10\\\/cropped-logo-1.png\",\"contentUrl\":\"https:\\\/\\\/beautyskin.znakomity.net\\\/wp-content\\\/uploads\\\/2021\\\/10\\\/cropped-logo-1.png\",\"width\":680,\"height\":194,\"caption\":\"BeautySkin\"},\"image\":{\"@id\":\"https:\\\/\\\/beautyskin.znakomity.net\\\/en\\\/#\\\/schema\\\/logo\\\/image\\\/\"}}]}<\/script>\n<!-- \/ Yoast SEO Premium plugin. -->","yoast_head_json":{"title":"Effective removal of stretch marks and scars | Beauty Skin Warsaw, Radom","description":"Tired of stretch marks? Choose an innovative laser for stretch marks! Usuwanie rozst\u0119p\u00f3w mo\u017ce by\u0107 szybkie i skuteczne dzi\u0119ki laserowi iPixel! Learn about stretch mark removal and sign up now for a laser stretch mark removal treatment at the Beauty Skin clinic in Warsaw or Radom! Enjoy the treatment!","robots":{"index":"noindex","follow":"follow","max-snippet":"max-snippet:-1","max-image-preview":"max-image-preview:large","max-video-preview":"max-video-preview:-1"},"og_locale":"en_US","og_type":"article","og_title":"Scars and stretch marks","og_description":"Tired of stretch marks? Choose an innovative laser for stretch marks! Usuwanie rozst\u0119p\u00f3w mo\u017ce by\u0107 szybkie i skuteczne dzi\u0119ki laserowi iPixel! Learn about stretch mark removal and sign up now for a laser stretch mark removal treatment at the Beauty Skin clinic in Warsaw or Radom! Enjoy the treatment!","og_url":"https:\/\/beautyskin.znakomity.net\/en\/scars-and-stretch-marks\/","og_site_name":"BeautySkin","twitter_card":"summary_large_image","schema":{"@context":"https:\/\/schema.org","@graph":[{"@type":"WebPage","@id":"https:\/\/beautyskin.znakomity.net\/en\/scars-and-stretch-marks\/","url":"https:\/\/beautyskin.znakomity.net\/en\/scars-and-stretch-marks\/","name":"Effective removal of stretch marks and scars | Beauty Skin Warsaw, Radom","isPartOf":{"@id":"https:\/\/beautyskin.znakomity.net\/en\/#website"},"datePublished":"2024-02-27T10:33:05+00:00","description":"Tired of stretch marks? Choose an innovative laser for stretch marks! Usuwanie rozst\u0119p\u00f3w mo\u017ce by\u0107 szybkie i skuteczne dzi\u0119ki laserowi iPixel! Learn about stretch mark removal and sign up now for a laser stretch mark removal treatment at the Beauty Skin clinic in Warsaw or Radom! Enjoy the treatment!","breadcrumb":{"@id":"https:\/\/beautyskin.znakomity.net\/en\/scars-and-stretch-marks\/#breadcrumb"},"inLanguage":"en-US","potentialAction":[{"@type":"ReadAction","target":["https:\/\/beautyskin.znakomity.net\/en\/scars-and-stretch-marks\/"]}]},{"@type":"BreadcrumbList","@id":"https:\/\/beautyskin.znakomity.net\/en\/scars-and-stretch-marks\/#breadcrumb","itemListElement":[{"@type":"ListItem","position":1,"name":"Strona g\u0142\u00f3wna","item":"https:\/\/beautyskin.znakomity.net\/en\/"},{"@type":"ListItem","position":2,"name":"Scars and stretch marks"}]},{"@type":"WebSite","@id":"https:\/\/beautyskin.znakomity.net\/en\/#website","url":"https:\/\/beautyskin.znakomity.net\/en\/","name":"BeautySkin","description":"Health and Beauty Clinic","publisher":{"@id":"https:\/\/beautyskin.znakomity.net\/en\/#organization"},"potentialAction":[{"@type":"SearchAction","target":{"@type":"EntryPoint","urlTemplate":"https:\/\/beautyskin.znakomity.net\/en\/?s={search_term_string}"},"query-input":{"@type":"PropertyValueSpecification","valueRequired":true,"valueName":"search_term_string"}}],"inLanguage":"en-US"},{"@type":"Organization","@id":"https:\/\/beautyskin.znakomity.net\/en\/#organization","name":"BeautySkin","url":"https:\/\/beautyskin.znakomity.net\/en\/","logo":{"@type":"ImageObject","inLanguage":"en-US","@id":"https:\/\/beautyskin.znakomity.net\/en\/#\/schema\/logo\/image\/","url":"https:\/\/beautyskin.znakomity.net\/wp-content\/uploads\/2021\/10\/cropped-logo-1.png","contentUrl":"https:\/\/beautyskin.znakomity.net\/wp-content\/uploads\/2021\/10\/cropped-logo-1.png","width":680,"height":194,"caption":"BeautySkin"},"image":{"@id":"https:\/\/beautyskin.znakomity.net\/en\/#\/schema\/logo\/image\/"}}]}},"_links":{"self":[{"href":"https:\/\/beautyskin.znakomity.net\/en\/wp-json\/wp\/v2\/pages\/53835","targetHints":{"allow":["GET"]}}],"collection":[{"href":"https:\/\/beautyskin.znakomity.net\/en\/wp-json\/wp\/v2\/pages"}],"about":[{"href":"https:\/\/beautyskin.znakomity.net\/en\/wp-json\/wp\/v2\/types\/page"}],"author":[{"embeddable":true,"href":"https:\/\/beautyskin.znakomity.net\/en\/wp-json\/wp\/v2\/users\/1"}],"replies":[{"embeddable":true,"href":"https:\/\/beautyskin.znakomity.net\/en\/wp-json\/wp\/v2\/comments?post=53835"}],"version-history":[{"count":0,"href":"https:\/\/beautyskin.znakomity.net\/en\/wp-json\/wp\/v2\/pages\/53835\/revisions"}],"wp:attachment":[{"href":"https:\/\/beautyskin.znakomity.net\/en\/wp-json\/wp\/v2\/media?parent=53835"}],"curies":[{"name":"wp","href":"https:\/\/api.w.org\/{rel}","templated":true}]}}